{"id":1032,"date":"2025-12-03T21:44:35","date_gmt":"2025-12-03T20:44:35","guid":{"rendered":"https:\/\/www.mieldamour.ovh\/?post_type=product&#038;p=1032"},"modified":"2025-12-16T05:06:44","modified_gmt":"2025-12-16T04:06:44","slug":"pack-trio-royal-3-miels-aphrodisiaques-5-dosettes","status":"publish","type":"product","link":"https:\/\/www.mieldamour.ovh\/?product=pack-trio-royal-3-miels-aphrodisiaques-5-dosettes","title":{"rendered":"Pack Trio Royal \u2013 3 Miels Aphrodisiaques (5 Dosettes)"},"content":{"rendered":"<h1 data-start=\"224\" data-end=\"328\"><strong data-start=\"226\" data-end=\"326\">Pack Trio Royal \u2013 Vitalit\u00e9 &amp; Libido Boost (5 Dosettes : 3 Black Horse, 1 Royal Honey, 1 BioHerb)<\/strong><\/h1>\n<p data-start=\"329\" data-end=\"647\">D\u00e9couvrez la combinaison ultime pour stimuler votre \u00e9nergie, votre libido et votre endurance gr\u00e2ce au <strong data-start=\"431\" data-end=\"450\">Pack Trio Royal<\/strong>.<br data-start=\"451\" data-end=\"454\" \/>Ce pack inclut <strong data-start=\"469\" data-end=\"495\">3 dosettes Black Horse<\/strong>, <strong data-start=\"497\" data-end=\"522\">1 dosette Royal Honey<\/strong> et <strong data-start=\"526\" data-end=\"547\">1 dosette BioHerb<\/strong>, soit un m\u00e9lange puissant de miels aphrodisiaques naturels pour des r\u00e9sultats rapides et efficaces.<\/p>\n<p data-start=\"649\" data-end=\"801\">Parfait pour les hommes (et couples) souhaitant <strong data-start=\"697\" data-end=\"729\">am\u00e9liorer leurs performances<\/strong>, retrouver une <strong data-start=\"745\" data-end=\"767\">vitalit\u00e9 naturelle<\/strong>, et intensifier leurs sensations.<\/p>\n<hr data-start=\"803\" data-end=\"806\" \/>\n<h2 data-start=\"808\" data-end=\"839\">\u2b50 Pourquoi choisir ce pack ?<\/h2>\n<h3 data-start=\"841\" data-end=\"908\"><strong data-start=\"845\" data-end=\"906\">\u2714 3 miels aphrodisiaques premium r\u00e9unis dans un seul pack<\/strong><\/h3>\n<p data-start=\"909\" data-end=\"946\">Un trio compl\u00e9mentaire con\u00e7u pour :<\/p>\n<ul data-start=\"947\" data-end=\"1077\">\n<li data-start=\"947\" data-end=\"968\">\n<p data-start=\"949\" data-end=\"968\">Booster la libido<\/p>\n<\/li>\n<li data-start=\"969\" data-end=\"994\">\n<p data-start=\"971\" data-end=\"994\">Am\u00e9liorer l\u2019endurance<\/p>\n<\/li>\n<li data-start=\"995\" data-end=\"1027\">\n<p data-start=\"997\" data-end=\"1027\">Augmenter l\u2019\u00e9nergie physique<\/p>\n<\/li>\n<li data-start=\"1028\" data-end=\"1050\">\n<p data-start=\"1030\" data-end=\"1050\">R\u00e9duire la fatigue<\/p>\n<\/li>\n<li data-start=\"1051\" data-end=\"1077\">\n<p data-start=\"1053\" data-end=\"1077\">Intensifier le plaisir<\/p>\n<\/li>\n<\/ul>\n<h3 data-start=\"1079\" data-end=\"1116\"><strong data-start=\"1083\" data-end=\"1114\">\u2714 Effets rapides &amp; naturels<\/strong><\/h3>\n<p data-start=\"1117\" data-end=\"1151\">Une seule dosette peut aider \u00e0 :<\/p>\n<ul data-start=\"1152\" data-end=\"1289\">\n<li data-start=\"1152\" data-end=\"1184\">\n<p data-start=\"1154\" data-end=\"1184\">Stimuler le d\u00e9sir rapidement<\/p>\n<\/li>\n<li data-start=\"1185\" data-end=\"1222\">\n<p data-start=\"1187\" data-end=\"1222\">Am\u00e9liorer la circulation sanguine<\/p>\n<\/li>\n<li data-start=\"1223\" data-end=\"1262\">\n<p data-start=\"1225\" data-end=\"1262\">Faciliter une \u00e9rection plus durable<\/p>\n<\/li>\n<li data-start=\"1263\" data-end=\"1289\">\n<p data-start=\"1265\" data-end=\"1289\">Prolonger les rapports<\/p>\n<\/li>\n<\/ul>\n<h3 data-start=\"1291\" data-end=\"1345\"><strong data-start=\"1295\" data-end=\"1343\">\u2714 Id\u00e9al pour d\u00e9couvrir les diff\u00e9rents effets<\/strong><\/h3>\n<p data-start=\"1346\" data-end=\"1388\">Gr\u00e2ce aux 3 marques, tu peux ressentir :<\/p>\n<ul data-start=\"1389\" data-end=\"1502\">\n<li data-start=\"1389\" data-end=\"1424\">\n<p data-start=\"1391\" data-end=\"1424\">La puissance du <strong data-start=\"1407\" data-end=\"1422\">Black Horse<\/strong><\/p>\n<\/li>\n<li data-start=\"1425\" data-end=\"1456\">\n<p data-start=\"1427\" data-end=\"1456\">Le boost du <strong data-start=\"1439\" data-end=\"1454\">Royal Honey<\/strong><\/p>\n<\/li>\n<li data-start=\"1457\" data-end=\"1502\">\n<p data-start=\"1459\" data-end=\"1502\">Le c\u00f4t\u00e9 naturel et \u00e9quilibr\u00e9 du <strong data-start=\"1491\" data-end=\"1502\">BioHerb<\/strong><\/p>\n<\/li>\n<\/ul>\n<h3 data-start=\"1504\" data-end=\"1555\"><strong data-start=\"1508\" data-end=\"1553\">\u2714 100% naturel et sans additifs chimiques<\/strong><\/h3>\n<p data-start=\"1556\" data-end=\"1650\">Sans conservateurs, sans produits artificiels : uniquement des ingr\u00e9dients bruts et efficaces.<\/p>\n<hr data-start=\"1652\" data-end=\"1655\" \/>\n<h1 data-start=\"1657\" data-end=\"1706\">\ud83c\udf6f <strong data-start=\"1662\" data-end=\"1706\">Les miels inclus dans le Pack Trio Royal<\/strong><\/h1>\n<hr data-start=\"1708\" data-end=\"1711\" \/>\n<h2 data-start=\"1713\" data-end=\"1774\"><strong data-start=\"1716\" data-end=\"1772\">\ud83d\udd25 Black Horse (x3) \u2013 Puissance &amp; Endurance Maximale<\/strong><\/h2>\n<p data-start=\"1775\" data-end=\"1808\">Le miel le plus appr\u00e9ci\u00e9 pour :<\/p>\n<ul data-start=\"1809\" data-end=\"1943\">\n<li data-start=\"1809\" data-end=\"1842\">\n<p data-start=\"1811\" data-end=\"1842\">Booster fortement l\u2019endurance<\/p>\n<\/li>\n<li data-start=\"1843\" data-end=\"1876\">\n<p data-start=\"1845\" data-end=\"1876\">Am\u00e9liorer l\u2019\u00e9nergie masculine<\/p>\n<\/li>\n<li data-start=\"1877\" data-end=\"1910\">\n<p data-start=\"1879\" data-end=\"1910\">Renforcer la vitalit\u00e9 globale<\/p>\n<\/li>\n<li data-start=\"1911\" data-end=\"1943\">\n<p data-start=\"1913\" data-end=\"1943\">Donner un vrai coup de fouet<\/p>\n<\/li>\n<\/ul>\n<p data-start=\"1945\" data-end=\"2001\">Id\u00e9al pour ceux qui veulent un <strong data-start=\"1976\" data-end=\"2000\">effet fort et rapide<\/strong>.<\/p>\n<hr data-start=\"2003\" data-end=\"2006\" \/>\n<h2 data-start=\"2008\" data-end=\"2068\"><strong data-start=\"2011\" data-end=\"2066\">\ud83d\udc9b Royal Honey (x1) \u2013 Stimulation &amp; Vitalit\u00e9 Intime<\/strong><\/h2>\n<p data-start=\"2069\" data-end=\"2103\">R\u00e9put\u00e9 mondialement, il aide \u00e0 :<\/p>\n<ul data-start=\"2104\" data-end=\"2205\">\n<li data-start=\"2104\" data-end=\"2126\">\n<p data-start=\"2106\" data-end=\"2126\">Stimuler la libido<\/p>\n<\/li>\n<li data-start=\"2127\" data-end=\"2151\">\n<p data-start=\"2129\" data-end=\"2151\">Am\u00e9liorer l\u2019\u00e9rection<\/p>\n<\/li>\n<li data-start=\"2152\" data-end=\"2174\">\n<p data-start=\"2154\" data-end=\"2174\">R\u00e9duire la fatigue<\/p>\n<\/li>\n<li data-start=\"2175\" data-end=\"2205\">\n<p data-start=\"2177\" data-end=\"2205\">Intensifier les sensations<\/p>\n<\/li>\n<\/ul>\n<p data-start=\"2207\" data-end=\"2274\">Un indispensable pour retrouver sa <strong data-start=\"2242\" data-end=\"2273\">confiance et \u00e9nergie intime<\/strong>.<\/p>\n<hr data-start=\"2276\" data-end=\"2279\" \/>\n<h2 data-start=\"2281\" data-end=\"2343\"><strong data-start=\"2284\" data-end=\"2341\">\ud83c\udf3f BioHerb Honey (x1) \u2013 \u00c9nergie Naturelle &amp; Bien-\u00eatre<\/strong><\/h2>\n<p data-start=\"2344\" data-end=\"2445\">Compos\u00e9 de plantes aphrodisiaques (safran, ginseng, gingembre, gel\u00e9e royale), il est parfait pour :<\/p>\n<ul data-start=\"2446\" data-end=\"2571\">\n<li data-start=\"2446\" data-end=\"2482\">\n<p data-start=\"2448\" data-end=\"2482\">Stimuler naturellement l\u2019\u00e9nergie<\/p>\n<\/li>\n<li data-start=\"2483\" data-end=\"2511\">\n<p data-start=\"2485\" data-end=\"2511\">Am\u00e9liorer la circulation<\/p>\n<\/li>\n<li data-start=\"2512\" data-end=\"2537\">\n<p data-start=\"2514\" data-end=\"2537\">Renforcer la vitalit\u00e9<\/p>\n<\/li>\n<li data-start=\"2538\" data-end=\"2571\">\n<p data-start=\"2540\" data-end=\"2571\">Soutenir le bien-\u00eatre g\u00e9n\u00e9ral<\/p>\n<\/li>\n<\/ul>\n<p data-start=\"2573\" data-end=\"2615\">Un miel <strong data-start=\"2581\" data-end=\"2594\">\u00e9quilibr\u00e9<\/strong>, doux mais efficace.<\/p>\n<hr data-start=\"2617\" data-end=\"2620\" \/>\n<h1 data-start=\"2622\" data-end=\"2653\">\ud83d\udd52 <strong data-start=\"2627\" data-end=\"2653\">Conseils d\u2019utilisation<\/strong><\/h1>\n<ul data-start=\"2655\" data-end=\"2859\">\n<li data-start=\"2655\" data-end=\"2719\">\n<p data-start=\"2657\" data-end=\"2719\">Prendre <strong data-start=\"2665\" data-end=\"2678\">1 dosette<\/strong>, environ <strong data-start=\"2688\" data-end=\"2716\">1 heure avant l\u2019activit\u00e9<\/strong>.<\/p>\n<\/li>\n<li data-start=\"2720\" data-end=\"2771\">\n<p data-start=\"2722\" data-end=\"2771\">Ne pas d\u00e9passer <strong data-start=\"2738\" data-end=\"2768\">1 dosette tous les 2 jours<\/strong>.<\/p>\n<\/li>\n<li data-start=\"2772\" data-end=\"2803\">\n<p data-start=\"2774\" data-end=\"2803\">\u00c9viter la prise <strong data-start=\"2790\" data-end=\"2800\">\u00e0 jeun<\/strong>.<\/p>\n<\/li>\n<li data-start=\"2804\" data-end=\"2859\">\n<p data-start=\"2806\" data-end=\"2859\">Boire de l\u2019eau apr\u00e8s pour une meilleure assimilation.<\/p>\n<\/li>\n<\/ul>\n<hr data-start=\"2861\" data-end=\"2864\" \/>\n<h1 data-start=\"2866\" data-end=\"2908\">\ud83c\udf81 Pourquoi choisir le Pack Trio Royal ?<\/h1>\n<ul data-start=\"2910\" data-end=\"3221\">\n<li data-start=\"2910\" data-end=\"2963\">\n<p data-start=\"2912\" data-end=\"2963\">\u2714 3 Black Horse : effet fort, puissant et durable<\/p>\n<\/li>\n<li data-start=\"2964\" data-end=\"3006\">\n<p data-start=\"2966\" data-end=\"3006\">\u2714 1 Royal Honey : stimulation &amp; libido<\/p>\n<\/li>\n<li data-start=\"3007\" data-end=\"3054\">\n<p data-start=\"3009\" data-end=\"3054\">\u2714 1 BioHerb : \u00e9nergie naturelle &amp; \u00e9quilibre<\/p>\n<\/li>\n<li data-start=\"3055\" data-end=\"3100\">\n<p data-start=\"3057\" data-end=\"3100\">\u2714 Pack id\u00e9al pour tester plusieurs effets<\/p>\n<\/li>\n<li data-start=\"3101\" data-end=\"3133\">\n<p data-start=\"3103\" data-end=\"3133\">\u2714 100% naturel &amp; sans danger<\/p>\n<\/li>\n<li data-start=\"3134\" data-end=\"3172\">\n<p data-start=\"3136\" data-end=\"3172\">\u2714 Livraison rapide &amp; tr\u00e8s discr\u00e8te<\/p>\n<\/li>\n<li data-start=\"3173\" data-end=\"3221\">\n<p data-start=\"3175\" data-end=\"3221\">\u2714 Parfait pour booster sa vie intime ou offrir<\/p>\n<\/li>\n<\/ul>\n<hr data-start=\"3223\" data-end=\"3226\" \/>\n<h1 data-start=\"3228\" data-end=\"3262\">\ud83d\ude9a Livraison Rapide &amp; Discr\u00e8te<\/h1>\n<p data-start=\"3263\" data-end=\"3358\">Envoi en <strong data-start=\"3272\" data-end=\"3283\">24h-48h<\/strong> en France M\u00e9tropolitaine.<br data-start=\"3309\" data-end=\"3312\" \/>Emballage <strong data-start=\"3322\" data-end=\"3332\">neutre<\/strong>, sans mention du contenu.<\/p>\n<hr data-start=\"3360\" data-end=\"3363\" \/>\n<h1 data-start=\"3365\" data-end=\"3405\">\ud83d\uded2 Disponible sur <a class=\"decorated-link\" href=\"http:\/\/www.mieldamour.ovh\" target=\"_new\" rel=\"noopener\" data-start=\"3385\" data-end=\"3403\">www.mieldamour.ovh<\/a><\/h1>\n<p data-start=\"3406\" data-end=\"3475\">Ne manque pas ce pack exclusif : <strong data-start=\"3439\" data-end=\"3457\">stocks limit\u00e9s<\/strong> \u2013 envoi imm\u00e9diat.<\/p>\n<p data-start=\"3477\" data-end=\"3575\"><strong data-start=\"3477\" data-end=\"3575\">Boostez votre vitalit\u00e9, votre endurance et red\u00e9couvrez des sensations intenses, naturellement.<\/strong><\/p>\n","protected":false},"excerpt":{"rendered":"<h3 data-start=\"128\" data-end=\"176\"><strong data-start=\"132\" data-end=\"174\">D\u00e9couvrez la puissance du Trio Royal !<\/strong><\/h3>\n<p data-start=\"177\" data-end=\"432\">Ce pack r\u00e9unit <strong data-start=\"192\" data-end=\"209\">3 Black Horse<\/strong>, <strong data-start=\"211\" data-end=\"228\">1 Royal Honey<\/strong> et <strong data-start=\"232\" data-end=\"245\">1 BioHerb<\/strong> pour un boost naturel de <strong data-start=\"271\" data-end=\"304\">libido, vitalit\u00e9 et endurance<\/strong>. Une combinaison puissante pour intensifier le plaisir, prolonger les performances et r\u00e9veiller vos sensations\u2026 naturellement !<\/p>\n","protected":false},"featured_media":644,"comment_status":"open","ping_status":"closed","template":"","meta":{"advanced_seo_description":"","jetpack_seo_html_title":"","jetpack_seo_noindex":false,"ocean_post_layout":"","ocean_both_sidebars_style":"","ocean_both_sidebars_content_width":0,"ocean_both_sidebars_sidebars_width":0,"ocean_sidebar":"0","ocean_second_sidebar":"0","ocean_disable_margins":"enable","ocean_add_body_class":"","ocean_shortcode_before_top_bar":"","ocean_shortcode_after_top_bar":"","ocean_shortcode_before_header":"","ocean_shortcode_after_header":"","ocean_has_shortcode":"","ocean_shortcode_after_title":"","ocean_shortcode_before_footer_widgets":"","ocean_shortcode_after_footer_widgets":"","ocean_shortcode_before_footer_bottom":"","ocean_shortcode_after_footer_bottom":"","ocean_display_top_bar":"default","ocean_display_header":"default","ocean_header_style":"","ocean_center_header_left_menu":"0","ocean_custom_header_template":"0","ocean_custom_logo":0,"ocean_custom_retina_logo":0,"ocean_custom_logo_max_width":0,"ocean_custom_logo_tablet_max_width":0,"ocean_custom_logo_mobile_max_width":0,"ocean_custom_logo_max_height":0,"ocean_custom_logo_tablet_max_height":0,"ocean_custom_logo_mobile_max_height":0,"ocean_header_custom_menu":"0","ocean_menu_typo_font_family":"0","ocean_menu_typo_font_subset":"","ocean_menu_typo_font_size":0,"ocean_menu_typo_font_size_tablet":0,"ocean_menu_typo_font_size_mobile":0,"ocean_menu_typo_font_size_unit":"px","ocean_menu_typo_font_weight":"","ocean_menu_typo_font_weight_tablet":"","ocean_menu_typo_font_weight_mobile":"","ocean_menu_typo_transform":"","ocean_menu_typo_transform_tablet":"","ocean_menu_typo_transform_mobile":"","ocean_menu_typo_line_height":0,"ocean_menu_typo_line_height_tablet":0,"ocean_menu_typo_line_height_mobile":0,"ocean_menu_typo_line_height_unit":"","ocean_menu_typo_spacing":0,"ocean_menu_typo_spacing_tablet":0,"ocean_menu_typo_spacing_mobile":0,"ocean_menu_typo_spacing_unit":"","ocean_menu_link_color":"","ocean_menu_link_color_hover":"","ocean_menu_link_color_active":"","ocean_menu_link_background":"","ocean_menu_link_hover_background":"","ocean_menu_link_active_background":"","ocean_menu_social_links_bg":"","ocean_menu_social_hover_links_bg":"","ocean_menu_social_links_color":"","ocean_menu_social_hover_links_color":"","ocean_disable_title":"default","ocean_disable_heading":"default","ocean_post_title":"","ocean_post_subheading":"","ocean_post_title_style":"","ocean_post_title_background_color":"","ocean_post_title_background":0,"ocean_post_title_bg_image_position":"","ocean_post_title_bg_image_attachment":"","ocean_post_title_bg_image_repeat":"","ocean_post_title_bg_image_size":"","ocean_post_title_height":0,"ocean_post_title_bg_overlay":0.5,"ocean_post_title_bg_overlay_color":"","ocean_disable_breadcrumbs":"default","ocean_breadcrumbs_color":"","ocean_breadcrumbs_separator_color":"","ocean_breadcrumbs_links_color":"","ocean_breadcrumbs_links_hover_color":"","ocean_display_footer_widgets":"default","ocean_display_footer_bottom":"default","ocean_custom_footer_template":"0","omw_enable_modal_window":"enable"},"product_brand":[],"product_cat":[46],"product_tag":[],"class_list":{"0":"post-1032","1":"product","2":"type-product","3":"status-publish","4":"has-post-thumbnail","6":"product_cat-pack","8":"entry","9":"has-media","11":"first","12":"instock","13":"sale","14":"shipping-taxable","15":"purchasable","16":"product-type-simple","17":"has-product-nav","18":"col","19":"span_1_of_3","20":"owp-content-center","21":"owp-thumbs-layout-horizontal","22":"owp-btn-normal","23":"owp-tabs-layout-horizontal"},"jetpack_sharing_enabled":true,"_links":{"self":[{"href":"https:\/\/www.mieldamour.ovh\/index.php?rest_route=\/wp\/v2\/product\/1032","targetHints":{"allow":["GET"]}}],"collection":[{"href":"https:\/\/www.mieldamour.ovh\/index.php?rest_route=\/wp\/v2\/product"}],"about":[{"href":"https:\/\/www.mieldamour.ovh\/index.php?rest_route=\/wp\/v2\/types\/product"}],"replies":[{"embeddable":true,"href":"https:\/\/www.mieldamour.ovh\/index.php?rest_route=%2Fwp%2Fv2%2Fcomments&post=1032"}],"wp:featuredmedia":[{"embeddable":true,"href":"https:\/\/www.mieldamour.ovh\/index.php?rest_route=\/wp\/v2\/media\/644"}],"wp:attachment":[{"href":"https:\/\/www.mieldamour.ovh\/index.php?rest_route=%2Fwp%2Fv2%2Fmedia&parent=1032"}],"wp:term":[{"taxonomy":"product_brand","embeddable":true,"href":"https:\/\/www.mieldamour.ovh\/index.php?rest_route=%2Fwp%2Fv2%2Fproduct_brand&post=1032"},{"taxonomy":"product_cat","embeddable":true,"href":"https:\/\/www.mieldamour.ovh\/index.php?rest_route=%2Fwp%2Fv2%2Fproduct_cat&post=1032"},{"taxonomy":"product_tag","embeddable":true,"href":"https:\/\/www.mieldamour.ovh\/index.php?rest_route=%2Fwp%2Fv2%2Fproduct_tag&post=1032"}],"curies":[{"name":"wp","href":"https:\/\/api.w.org\/{rel}","templated":true}]}}